{"id":166,"date":"2023-06-29T16:18:40","date_gmt":"2023-06-29T21:18:40","guid":{"rendered":"https:\/\/turnerconstrucciones.com\/?post_type=product&#038;p=166"},"modified":"2024-06-22T10:41:20","modified_gmt":"2024-06-22T15:41:20","slug":"cinta-de-enmascarar-48mm-x-40mts","status":"publish","type":"product","link":"https:\/\/turnerconstrucciones.com\/index.php\/producto\/cinta-de-enmascarar-48mm-x-40mts\/","title":{"rendered":"CINTA DE ENMASCARAR 48mm x 40mts"},"content":{"rendered":"<p>Cinta de alta resistencia con m\u00faltiples aplicaciones en todo tipo de superficies lisas<\/p>\n<p><strong>APLICACIONES: <\/strong>Cinta multiprop\u00f3sito utilizada para la construcci\u00f3n, pintura, industria automotriz y m\u00e1s.<\/p>\n<p><strong>DIMENSIONES: <\/strong>48mm Ancho X 40mts Largo<\/p>\n","protected":false},"excerpt":{"rendered":"<ul>\n<li>M\u00faltiples aplicaciones en todo tipo de superficies lisas.<\/li>\n<li><i class=\"fa fa-check-circle\"><\/i>F\u00e1cil de manipular y aplicar.<\/li>\n<li><i class=\"fa fa-check-circle\"><\/i>No deja residuos ni transfiere adhesivo al retirarla.<\/li>\n<li><i class=\"fa fa-check-circle\"><\/i>\u00a0Alta resistencia a temperatura.<\/li>\n<\/ul>\n<p><strong>APLICACIONES<\/strong><\/p>\n<p>Cinta multiprop\u00f3sito utilizada para la construcci\u00f3n, pintura, industria automotriz y m\u00e1s.<\/p>\n<p><strong>DIMENSIONES<\/strong><\/p>\n<p>24mm Ancho X 40mts Largo<\/p>\n","protected":false},"featured_media":167,"comment_status":"open","ping_status":"closed","template":"","meta":{"_et_pb_use_builder":"","_et_pb_old_content":"","_et_gb_content_width":""},"product_brand":[],"product_cat":[20],"product_tag":[],"class_list":{"0":"post-166","1":"product","2":"type-product","3":"status-publish","4":"has-post-thumbnail","6":"product_cat-cintas-de-enmascarar","8":"first","9":"instock","10":"shipping-taxable","11":"product-type-simple"},"_links":{"self":[{"href":"https:\/\/turnerconstrucciones.com\/index.php\/wp-json\/wp\/v2\/product\/166","targetHints":{"allow":["GET"]}}],"collection":[{"href":"https:\/\/turnerconstrucciones.com\/index.php\/wp-json\/wp\/v2\/product"}],"about":[{"href":"https:\/\/turnerconstrucciones.com\/index.php\/wp-json\/wp\/v2\/types\/product"}],"replies":[{"embeddable":true,"href":"https:\/\/turnerconstrucciones.com\/index.php\/wp-json\/wp\/v2\/comments?post=166"}],"wp:featuredmedia":[{"embeddable":true,"href":"https:\/\/turnerconstrucciones.com\/index.php\/wp-json\/wp\/v2\/media\/167"}],"wp:attachment":[{"href":"https:\/\/turnerconstrucciones.com\/index.php\/wp-json\/wp\/v2\/media?parent=166"}],"wp:term":[{"taxonomy":"product_brand","embeddable":true,"href":"https:\/\/turnerconstrucciones.com\/index.php\/wp-json\/wp\/v2\/product_brand?post=166"},{"taxonomy":"product_cat","embeddable":true,"href":"https:\/\/turnerconstrucciones.com\/index.php\/wp-json\/wp\/v2\/product_cat?post=166"},{"taxonomy":"product_tag","embeddable":true,"href":"https:\/\/turnerconstrucciones.com\/index.php\/wp-json\/wp\/v2\/product_tag?post=166"}],"curies":[{"name":"wp","href":"https:\/\/api.w.org\/{rel}","templated":true}]}}