{"id":179,"date":"2023-06-29T16:53:23","date_gmt":"2023-06-29T21:53:23","guid":{"rendered":"https:\/\/turnerconstrucciones.com\/?post_type=product&#038;p=179"},"modified":"2023-06-29T16:53:23","modified_gmt":"2023-06-29T21:53:23","slug":"clavo-de-fijacion-1","status":"publish","type":"product","link":"https:\/\/turnerconstrucciones.com\/index.php\/producto\/clavo-de-fijacion-1\/","title":{"rendered":"CLAVO DE FIJACI\u00d3N 1&#8243;"},"content":{"rendered":"<p>clavos de fijaci\u00f3n para usar con herramientas de p\u00f3lvora de baja velocidad.<\/p>\n<p><strong>APLICACIONES: <\/strong>Une canales, cajas, perfiles, madera y otros al concreto<\/p>\n<p><strong>PRESENTACI\u00d3N: <\/strong>Caja x 100 unidades<\/p>\n","protected":false},"excerpt":{"rendered":"<p><strong>ESPECIFICACIONES: <\/strong>1&#8243;<\/p>\n<p><strong>APLICACIONES: <\/strong>Une canales, cajas, perfiles, madera y otros al concreto<\/p>\n<p><strong>PRESENTACI\u00d3N: <\/strong>Caja x 100 unidades<\/p>\n<p>&nbsp;<\/p>\n","protected":false},"featured_media":180,"comment_status":"open","ping_status":"closed","template":"","meta":{"_et_pb_use_builder":"","_et_pb_old_content":"","_et_gb_content_width":""},"product_brand":[],"product_cat":[22],"product_tag":[],"class_list":{"0":"post-179","1":"product","2":"type-product","3":"status-publish","4":"has-post-thumbnail","6":"product_cat-sistemas-de-fijacion","8":"first","9":"instock","10":"shipping-taxable","11":"product-type-simple"},"_links":{"self":[{"href":"https:\/\/turnerconstrucciones.com\/index.php\/wp-json\/wp\/v2\/product\/179","targetHints":{"allow":["GET"]}}],"collection":[{"href":"https:\/\/turnerconstrucciones.com\/index.php\/wp-json\/wp\/v2\/product"}],"about":[{"href":"https:\/\/turnerconstrucciones.com\/index.php\/wp-json\/wp\/v2\/types\/product"}],"replies":[{"embeddable":true,"href":"https:\/\/turnerconstrucciones.com\/index.php\/wp-json\/wp\/v2\/comments?post=179"}],"wp:featuredmedia":[{"embeddable":true,"href":"https:\/\/turnerconstrucciones.com\/index.php\/wp-json\/wp\/v2\/media\/180"}],"wp:attachment":[{"href":"https:\/\/turnerconstrucciones.com\/index.php\/wp-json\/wp\/v2\/media?parent=179"}],"wp:term":[{"taxonomy":"product_brand","embeddable":true,"href":"https:\/\/turnerconstrucciones.com\/index.php\/wp-json\/wp\/v2\/product_brand?post=179"},{"taxonomy":"product_cat","embeddable":true,"href":"https:\/\/turnerconstrucciones.com\/index.php\/wp-json\/wp\/v2\/product_cat?post=179"},{"taxonomy":"product_tag","embeddable":true,"href":"https:\/\/turnerconstrucciones.com\/index.php\/wp-json\/wp\/v2\/product_tag?post=179"}],"curies":[{"name":"wp","href":"https:\/\/api.w.org\/{rel}","templated":true}]}}