{"id":208,"date":"2023-07-06T11:57:08","date_gmt":"2023-07-06T16:57:08","guid":{"rendered":"https:\/\/turnerconstrucciones.com\/?post_type=product&#038;p=208"},"modified":"2024-06-22T10:46:27","modified_gmt":"2024-06-22T15:46:27","slug":"bisturi-metalico-land","status":"publish","type":"product","link":"https:\/\/turnerconstrucciones.com\/index.php\/producto\/bisturi-metalico-land\/","title":{"rendered":"BISTUR\u00cd MET\u00c1LICO LAND"},"content":{"rendered":"<p>Bistur\u00ed de mango met\u00e1lico, cuchilla retr\u00e1ctil con punta cambiable.<\/p>\n<ul class=\"portfolio-details\">\n<li>Acero alto carbono templado.<\/li>\n<li><i class=\"fa fa-check-circle\"><\/i>\u00a0Mango met\u00e1lico.<\/li>\n<\/ul>\n<p>&nbsp;<\/p>\n","protected":false},"excerpt":{"rendered":"<p>Bistur\u00ed de mango met\u00e1lico, cuchilla retr\u00e1ctil con punta cambiable.<\/p>\n<ul class=\"portfolio-details\">\n<li>Acero alto carbono templado.<\/li>\n<li><i class=\"fa fa-check-circle\"><\/i>\u00a0Mango met\u00e1lico.<\/li>\n<\/ul>\n<p>&nbsp;<\/p>\n","protected":false},"featured_media":209,"comment_status":"open","ping_status":"closed","template":"","meta":{"_et_pb_use_builder":"","_et_pb_old_content":"","_et_gb_content_width":""},"product_brand":[],"product_cat":[24],"product_tag":[],"class_list":{"0":"post-208","1":"product","2":"type-product","3":"status-publish","4":"has-post-thumbnail","6":"product_cat-herramientas","8":"first","9":"instock","10":"shipping-taxable","11":"product-type-simple"},"_links":{"self":[{"href":"https:\/\/turnerconstrucciones.com\/index.php\/wp-json\/wp\/v2\/product\/208","targetHints":{"allow":["GET"]}}],"collection":[{"href":"https:\/\/turnerconstrucciones.com\/index.php\/wp-json\/wp\/v2\/product"}],"about":[{"href":"https:\/\/turnerconstrucciones.com\/index.php\/wp-json\/wp\/v2\/types\/product"}],"replies":[{"embeddable":true,"href":"https:\/\/turnerconstrucciones.com\/index.php\/wp-json\/wp\/v2\/comments?post=208"}],"wp:featuredmedia":[{"embeddable":true,"href":"https:\/\/turnerconstrucciones.com\/index.php\/wp-json\/wp\/v2\/media\/209"}],"wp:attachment":[{"href":"https:\/\/turnerconstrucciones.com\/index.php\/wp-json\/wp\/v2\/media?parent=208"}],"wp:term":[{"taxonomy":"product_brand","embeddable":true,"href":"https:\/\/turnerconstrucciones.com\/index.php\/wp-json\/wp\/v2\/product_brand?post=208"},{"taxonomy":"product_cat","embeddable":true,"href":"https:\/\/turnerconstrucciones.com\/index.php\/wp-json\/wp\/v2\/product_cat?post=208"},{"taxonomy":"product_tag","embeddable":true,"href":"https:\/\/turnerconstrucciones.com\/index.php\/wp-json\/wp\/v2\/product_tag?post=208"}],"curies":[{"name":"wp","href":"https:\/\/api.w.org\/{rel}","templated":true}]}}