{"id":221,"date":"2023-07-06T16:00:06","date_gmt":"2023-07-06T21:00:06","guid":{"rendered":"https:\/\/turnerconstrucciones.com\/?post_type=product&#038;p=221"},"modified":"2024-06-22T10:38:27","modified_gmt":"2024-06-22T15:38:27","slug":"frescasa-eco","status":"publish","type":"product","link":"https:\/\/turnerconstrucciones.com\/index.php\/producto\/frescasa-eco\/","title":{"rendered":"FRESCASA ECO"},"content":{"rendered":"<p>Aislamiento ac\u00fastico y t\u00e9rmico, para controlar el ruido y la temperatura de los espacios, es una soluci\u00f3n para lograr el m\u00e1ximo confort en \u00e1reas residenciales, comerciales e industriales.<\/p>\n<ul>\n<li>Absorci\u00f3n ac\u00fastica.<\/li>\n<li><i class=\"fa fa-check-circle\"><\/i>Resistencia t\u00e9rmica.<\/li>\n<li><i class=\"fa fa-check-circle\"><\/i>Alto contenido est\u00e9tico.<\/li>\n<li><i class=\"fa fa-check-circle\"><\/i>Flexibilidad de dise\u00f1o.<\/li>\n<li><i class=\"fa fa-check-circle\"><\/i>Facilidad de instalaci\u00f3n modular.<\/li>\n<\/ul>\n<p><strong>Dimensiones:<\/strong>\u00a0 7,5 X 1,2 X 2,5 &#8211; 9m2<\/p>\n","protected":false},"excerpt":{"rendered":"<p>Aislamiento ac\u00fastico y t\u00e9rmico, para controlar el ruido y la temperatura de los espacios, es una soluci\u00f3n para lograr el m\u00e1ximo confort en \u00e1reas residenciales, comerciales e industriales.<\/p>\n<p><strong>Dimensiones:<\/strong>\u00a0 7,5 X 1,2 X 2,5 &#8211; 9m2<\/p>\n","protected":false},"featured_media":222,"comment_status":"open","ping_status":"closed","template":"","meta":{"_et_pb_use_builder":"","_et_pb_old_content":"","_et_gb_content_width":""},"product_brand":[],"product_cat":[25],"product_tag":[],"class_list":{"0":"post-221","1":"product","2":"type-product","3":"status-publish","4":"has-post-thumbnail","6":"product_cat-termoacusticos","8":"first","9":"instock","10":"shipping-taxable","11":"product-type-simple"},"_links":{"self":[{"href":"https:\/\/turnerconstrucciones.com\/index.php\/wp-json\/wp\/v2\/product\/221","targetHints":{"allow":["GET"]}}],"collection":[{"href":"https:\/\/turnerconstrucciones.com\/index.php\/wp-json\/wp\/v2\/product"}],"about":[{"href":"https:\/\/turnerconstrucciones.com\/index.php\/wp-json\/wp\/v2\/types\/product"}],"replies":[{"embeddable":true,"href":"https:\/\/turnerconstrucciones.com\/index.php\/wp-json\/wp\/v2\/comments?post=221"}],"wp:featuredmedia":[{"embeddable":true,"href":"https:\/\/turnerconstrucciones.com\/index.php\/wp-json\/wp\/v2\/media\/222"}],"wp:attachment":[{"href":"https:\/\/turnerconstrucciones.com\/index.php\/wp-json\/wp\/v2\/media?parent=221"}],"wp:term":[{"taxonomy":"product_brand","embeddable":true,"href":"https:\/\/turnerconstrucciones.com\/index.php\/wp-json\/wp\/v2\/product_brand?post=221"},{"taxonomy":"product_cat","embeddable":true,"href":"https:\/\/turnerconstrucciones.com\/index.php\/wp-json\/wp\/v2\/product_cat?post=221"},{"taxonomy":"product_tag","embeddable":true,"href":"https:\/\/turnerconstrucciones.com\/index.php\/wp-json\/wp\/v2\/product_tag?post=221"}],"curies":[{"name":"wp","href":"https:\/\/api.w.org\/{rel}","templated":true}]}}