{"id":427,"date":"2024-06-22T09:25:44","date_gmt":"2024-06-22T14:25:44","guid":{"rendered":"https:\/\/turnerconstrucciones.com\/?post_type=product&#038;p=427"},"modified":"2024-06-22T09:58:10","modified_gmt":"2024-06-22T14:58:10","slug":"rodillo-profesional-junior-ovejero-goya-6","status":"publish","type":"product","link":"https:\/\/turnerconstrucciones.com\/index.php\/producto\/rodillo-profesional-junior-ovejero-goya-6\/","title":{"rendered":"RODILLO GOYA PROFESIONAL JUNIOR POLIESTER 6&#8243;"},"content":{"rendered":"<p>La familia de rodillos \u00a0tipo hilo est\u00e1 elaborados a base de fibras en poliester resistentes a solventes y despigmentaci\u00f3n de la fibra de hilo su hidrofilidad permite mayor cargue de pintura y redistribuci\u00f3n uniforme al pintar.<\/p>\n","protected":false},"excerpt":{"rendered":"<p>La familia de rodillos \u00a0tipo hilo est\u00e1 elaborados a base de fibras en poliester resistentes a solventes y despigmentaci\u00f3n de la fibra de hilo su hidrofilidad permite mayor cargue de pintura y redistribuci\u00f3n uniforme al pintar.<\/p>\n","protected":false},"featured_media":430,"comment_status":"open","ping_status":"closed","template":"","meta":{"_et_pb_use_builder":"","_et_pb_old_content":"","_et_gb_content_width":""},"product_brand":[],"product_cat":[28],"product_tag":[],"class_list":{"0":"post-427","1":"product","2":"type-product","3":"status-publish","4":"has-post-thumbnail","6":"product_cat-rodillos","8":"first","9":"instock","10":"shipping-taxable","11":"product-type-simple"},"_links":{"self":[{"href":"https:\/\/turnerconstrucciones.com\/index.php\/wp-json\/wp\/v2\/product\/427","targetHints":{"allow":["GET"]}}],"collection":[{"href":"https:\/\/turnerconstrucciones.com\/index.php\/wp-json\/wp\/v2\/product"}],"about":[{"href":"https:\/\/turnerconstrucciones.com\/index.php\/wp-json\/wp\/v2\/types\/product"}],"replies":[{"embeddable":true,"href":"https:\/\/turnerconstrucciones.com\/index.php\/wp-json\/wp\/v2\/comments?post=427"}],"wp:featuredmedia":[{"embeddable":true,"href":"https:\/\/turnerconstrucciones.com\/index.php\/wp-json\/wp\/v2\/media\/430"}],"wp:attachment":[{"href":"https:\/\/turnerconstrucciones.com\/index.php\/wp-json\/wp\/v2\/media?parent=427"}],"wp:term":[{"taxonomy":"product_brand","embeddable":true,"href":"https:\/\/turnerconstrucciones.com\/index.php\/wp-json\/wp\/v2\/product_brand?post=427"},{"taxonomy":"product_cat","embeddable":true,"href":"https:\/\/turnerconstrucciones.com\/index.php\/wp-json\/wp\/v2\/product_cat?post=427"},{"taxonomy":"product_tag","embeddable":true,"href":"https:\/\/turnerconstrucciones.com\/index.php\/wp-json\/wp\/v2\/product_tag?post=427"}],"curies":[{"name":"wp","href":"https:\/\/api.w.org\/{rel}","templated":true}]}}